{"id":1417,"date":"2013-03-17T00:33:42","date_gmt":"2013-03-16T22:33:42","guid":{"rendered":"http:\/\/www.nollendorfblog.de\/?page_id=1417"},"modified":"2021-07-11T22:26:30","modified_gmt":"2021-07-11T20:26:30","slug":"wer-bloggt-hier","status":"publish","type":"page","link":"https:\/\/www.nollendorfblog.de\/?page_id=1417","title":{"rendered":"Infos zu Blogger und Blog"},"content":{"rendered":"<h3><span style=\"font-size: 1.17em;\">Johannes Kram\u00a0<\/span><\/h3>\n<p><img loading=\"lazy\" decoding=\"async\" class=\"alignnone size-medium wp-image-12859\" src=\"https:\/\/www.nollendorfblog.de\/wp-content\/uploads\/2021\/07\/pic-Johannes-Kram-square-1-300x300.jpg\" alt=\"\" width=\"300\" height=\"300\" srcset=\"https:\/\/www.nollendorfblog.de\/wp-content\/uploads\/2021\/07\/pic-Johannes-Kram-square-1-300x300.jpg 300w, https:\/\/www.nollendorfblog.de\/wp-content\/uploads\/2021\/07\/pic-Johannes-Kram-square-1-1024x1024.jpg 1024w, https:\/\/www.nollendorfblog.de\/wp-content\/uploads\/2021\/07\/pic-Johannes-Kram-square-1-150x150.jpg 150w, https:\/\/www.nollendorfblog.de\/wp-content\/uploads\/2021\/07\/pic-Johannes-Kram-square-1-768x768.jpg 768w, https:\/\/www.nollendorfblog.de\/wp-content\/uploads\/2021\/07\/pic-Johannes-Kram-square-1-140x140.jpg 140w, https:\/\/www.nollendorfblog.de\/wp-content\/uploads\/2021\/07\/pic-Johannes-Kram-square-1.jpg 1080w\" sizes=\"auto, (max-width: 300px) 100vw, 300px\" \/><\/p>\n<p>bloggt hier seit 2009.<\/p>\n<p id=\"yui_3_17_2_6_1519243323108_2448\">Er lebt in Berlin und ist Autor, Textdichter, Blogger und Marketingstratege.<\/p>\n<p><strong>(Vollst\u00e4ndige Vita bei <a href=\"http:\/\/www.onlinekram.com\">onlinekram.com<\/a>)<\/strong><\/p>\n<p>Das Nollendorfblog mischt sich seit\u00a0 April 2009 ein f\u00fcr die Gleichstellung Homosexueller und wenn es um Homosexuellen- und Queerfeindlichkeit in Politik, Gesellschaft, Kultur und Medien geht.<\/p>\n<p>Mit dem Namen des Blogs borgt es sich etwas vom &#8222;Ruhm&#8220; des Nollendorfplatzes in Berlin, der seit \u00fcber 100 Jahren nicht nur ein Epizentrum der Szene, sondern Schauplatz f\u00fcr die kulturelle und politische Emanzipation von Schwulen und Lesben in Deutschland und dar\u00fcber <a href=\"http:\/\/www.tagesspiegel.de\/berlin\/queerspiegel\/robert-beachys-das-andere-berlin-wie-in-berlin-die-homosexualitaet-erfunden-wurde\/12232738.html\">hinaus<\/a> ist.<\/p>\n<hr \/>\n<p>HISTORY:<\/p>\n<p>2013 war Johannes Kram mit seinem Nollendorfblog zusammen\u00a0 mit dem <a title=\"Bund Lesbischer und Schwuler JournalistInnen\" href=\"https:\/\/de.wikipedia.org\/wiki\/Bund_Lesbischer_und_Schwuler_JournalistInnen\">Bund Lesbischer und Schwuler JournalistInnen<\/a>\u00a0Initiator des\u00a0<i>Waldschl\u00f6sschen-Appells<\/i> gegen Homphobie in den Medien.<\/p>\n<p>2016 erhielt der Nollendorfblog eine Nominierung f\u00fcr den Grimme Online Award.<\/p>\n<p>2017 w\u00e4hlte die \u201eCharta der Vielfalt\u201c, die gr\u00f6\u00dfte Diversity-Initative der deutschen Wirtschaft,\u00a0 Kram zu ihrem Testimonial f\u00fcr den Bereich \u201eSexuelle Orientierung &amp; Identit\u00e4t\u201c.<\/p>\n<p>2018 erschien im Berliner Querverlag das Buch <a href=\"http:\/\/www.onlinekram.com\/buch-ich-hab-ja-nichts-\/\">&#8222;Ich hab ja nichts gegen Schwule, aber &#8211; Die schrecklich nette Homophobie in der\u00a0 Mitte der Gesellschaft&#8220;<\/a>, das auf diesem Blog basiert. Im Februar 2021 erschien die zweite Auflage.<\/p>\n<p>2018 wurde Johannes Kram auch f\u00fcr sein Nollendorfblog in Paris mit dem Europ\u00e4ischen <a href=\"http:\/\/www.onlinekram.com\/aktuell\/2018\/9\/4\/johannes-kram-erhlt-tolerantia-award\">Tolerantia Award geehrt. <\/a><\/p>\n<p>2019 wird Johannes Kram, ebenfalls auch aufgrund dieses Blogs, mit der <a href=\"https:\/\/schwules-netzwerk.de\/johannes-kram-wird-mit-der-kompassnadel-2019-geehrt\/\">Kompassnadel des Schwulen Netzwerks NRW<\/a> ausgezeichnet.<\/p>\n<p>Seit 2020 betreibt Kram als Erg\u00e4nzung zu diesem Blog den von queer.de pr\u00e4sentierten Podcast<a href=\"https:\/\/queerkram.podigee.io\/\"> QUEERKRAM<\/a>, der von Apple zu den zehn besten neuen Podcasts des Jahres 2020 gek\u00fcrt wurde.<\/p>\n<p>Im Juni 2021 erhielt QUEERKRAM als erstes queeres Projekt in der zwanzigj\u00e4hrigen Geschichte des Preises den Grimme Online Award.<\/p>\n<p>&#8212;<\/p>\n","protected":false},"excerpt":{"rendered":"<p>Johannes Kram\u00a0 bloggt hier seit 2009. Er lebt in Berlin und ist Autor, Textdichter, Blogger und Marketingstratege. (Vollst\u00e4ndige Vita bei onlinekram.com) Das Nollendorfblog mischt sich seit\u00a0 April 2009 ein f\u00fcr die Gleichstellung Homosexueller und wenn es um Homosexuellen- und Queerfeindlichkeit in Politik, Gesellschaft, Kultur und Medien geht. Mit dem Namen des Blogs borgt es sich &#8230; <a title=\"Infos zu Blogger und Blog\" class=\"read-more\" href=\"https:\/\/www.nollendorfblog.de\/?page_id=1417\" aria-label=\"Mehr Informationen \u00fcber Infos zu Blogger und Blog\">Weiterlesen<\/a><\/p>\n","protected":false},"author":1,"featured_media":0,"parent":0,"menu_order":0,"comment_status":"closed","ping_status":"open","template":"","meta":{"footnotes":""},"class_list":["post-1417","page","type-page","status-publish"],"_links":{"self":[{"href":"https:\/\/www.nollendorfblog.de\/index.php?rest_route=\/wp\/v2\/pages\/1417","targetHints":{"allow":["GET"]}}],"collection":[{"href":"https:\/\/www.nollendorfblog.de\/index.php?rest_route=\/wp\/v2\/pages"}],"about":[{"href":"https:\/\/www.nollendorfblog.de\/index.php?rest_route=\/wp\/v2\/types\/page"}],"author":[{"embeddable":true,"href":"https:\/\/www.nollendorfblog.de\/index.php?rest_route=\/wp\/v2\/users\/1"}],"replies":[{"embeddable":true,"href":"https:\/\/www.nollendorfblog.de\/index.php?rest_route=%2Fwp%2Fv2%2Fcomments&post=1417"}],"version-history":[{"count":109,"href":"https:\/\/www.nollendorfblog.de\/index.php?rest_route=\/wp\/v2\/pages\/1417\/revisions"}],"predecessor-version":[{"id":12860,"href":"https:\/\/www.nollendorfblog.de\/index.php?rest_route=\/wp\/v2\/pages\/1417\/revisions\/12860"}],"wp:attachment":[{"href":"https:\/\/www.nollendorfblog.de\/index.php?rest_route=%2Fwp%2Fv2%2Fmedia&parent=1417"}],"curies":[{"name":"wp","href":"https:\/\/api.w.org\/{rel}","templated":true}]}}