{"id":4115,"date":"2014-09-02T21:36:03","date_gmt":"2014-09-02T19:36:03","guid":{"rendered":"http:\/\/www.nollendorfblog.de\/?page_id=4115"},"modified":"2014-09-02T21:36:40","modified_gmt":"2014-09-02T19:36:40","slug":"antwort-der-senatsverwaltung-fuersenatsverwaltung-fuer-arbeit-integration-und-frauen-auf-die-fragen-des-nollendorfblogs-zur-fussball-kampagne","status":"publish","type":"page","link":"https:\/\/www.nollendorfblog.de\/?page_id=4115","title":{"rendered":"Antwort der Senatsverwaltung f\u00fcr Arbeit, Integration und Frauen auf die Fragen des Nollendorfblogs zur Fussball-Kampagne"},"content":{"rendered":"<p><span style=\"color: #222222;\">Sehr geehrter Herr Kram,<\/span><br style=\"color: #222222;\" \/><span style=\"color: #222222;\">Anbei die Antworten auf\u00a0<\/span><span class=\"il\" style=\"color: #222222;\">ihre<\/span><span style=\"color: #222222;\">\u00a0Fragen:<\/span><br style=\"color: #222222;\" \/><br style=\"color: #222222;\" \/><br style=\"color: #222222;\" \/><span style=\"color: #222222;\">1.) In welcher Weise hat die Senatsverwaltung Einfluss auf den Inhalt des Plakates genommen?<\/span><br style=\"color: #222222;\" \/><span style=\"color: #222222;\">Die Senatsverwaltung hat insofern Einfluss auf die Ausgestaltung der Kampagne, indem sie \u00fcberpr\u00fcft, dass die vorgestellten Plakate einen Berlinbezug aufweisen und in ihrer Aussage die heterosexuelle Mehrheitsgesellschaft ansprechen.<\/span><br style=\"color: #222222;\" \/><br style=\"color: #222222;\" \/><span style=\"color: #222222;\">2.) Wie und in welchem Ausma\u00df wird das &#8222;B\u00fcndnis gegen Homophobie&#8220; direkt oder indirekt mit Steuermitteln unterst\u00fctzt?<\/span><br style=\"color: #222222;\" \/><span style=\"color: #222222;\">Der LSVD setzt im Rahmen der Initiative Akzeptanz sexueller Vielfalt das von ihm initiierte B\u00fcndnis gegen Homophobie weiter um. Daf\u00fcr werden j\u00e4hrlich 30.000 Euro bereit gestellt.<\/span><br style=\"color: #222222;\" \/><br style=\"color: #222222;\" \/><span style=\"color: #222222;\">2.) Falls ja: Wie l\u00e4sst sich deren Anteil an der Plakatkampagne mit dem Motiv\/Claim \u201cF\u00fcr eine Fussballkultur \u2013 So tolerant wie Berlin\u201d bemessen?<\/span><br style=\"color: #222222;\" \/><span style=\"color: #222222;\">Die Plakatkampagnen des B\u00fcndnisses werden von den B\u00fcndnismitgliedern initiiert und finanziert.<\/span><br style=\"color: #222222;\" \/><br style=\"color: #222222;\" \/><span style=\"color: #222222;\">3.) Wie belaufen sich die Kosten von Agenturleistungen f\u00fcr die Gesamtkampagne des &#8222;Aktionsb\u00fcndnisses gegen Homophobie&#8220; und der oben benannten konkreten Plakatkampagne?<\/span><br style=\"color: #222222;\" \/><span style=\"color: #222222;\">Siehe Antwort zu Frage 2; welche konkrete Kosten entstehen sind bei der B\u00fcndniskoordination anzufragen.<\/span><br style=\"color: #222222;\" \/><br style=\"color: #222222;\" \/><span style=\"color: #222222;\">3.) An welche Zielgruppen richtet sich diese Plakatkampagne und was ist\u00a0<\/span><span class=\"il\" style=\"color: #222222;\">ihr<\/span><span style=\"color: #222222;\">\u00a0Ziel?<\/span><br style=\"color: #222222;\" \/><span style=\"color: #222222;\">Die Kampagnen des B\u00fcndnisses richten sich stets an die heterosexuelle Mehrheitsgesellschaft. Vorrangiges Ziel ist die Sensibilisierung.<\/span><br style=\"color: #222222;\" \/><br style=\"color: #222222;\" \/><span style=\"color: #222222;\">5.) H\u00e4lt die Senatsverwaltung das Plakat f\u00fcr geeignet, diese Zielgruppe(n) anzusprechen und dieses Ziel (diese Ziele) zu erreichen?<\/span><br style=\"color: #222222;\" \/><span style=\"color: #222222;\">Entsprechende Reaktionen auf die Kampagne liegen der Koordination des B\u00fcndnisses gegen Homophobie vor. Diese sind dort abzufragen.<\/span><br style=\"color: #222222;\" \/><br style=\"color: #222222;\" \/><span style=\"color: #222222;\">8.) Steht der Inhalt und \/ oder der Zeitpunkt der Plakatkampagne in einem beabsichtigtem Zusammenhang mit dem Projekt \u201cFussball und Vielfalt\u201d der Bundesstiftung Magnus Hirschfeld?<\/span><br style=\"color: #222222;\" \/><span style=\"color: #222222;\">Dazu liegt der Senatsverwaltung keine Information vor.<\/span><br style=\"color: #222222;\" \/><br style=\"color: #222222;\" \/><span style=\"color: #222222;\">7.) Warum h\u00e4lt die Senatsverwaltung den Lesben- und Schwulenverband Berlin Brandenburg f\u00fcr einen geeigneten Partner f\u00fcr eine solche Kampagne<\/span><br style=\"color: #222222;\" \/><span style=\"color: #222222;\">Gem\u00e4\u00df dem Aktionsplan der Initiative Akzeptanz sexueller Vielfalt ist das B\u00fcndnis gegen Homophobie fortzuf\u00fchren. Das B\u00fcndnis wurde vom LSVD Berlin-Brandenburg initiiert.<\/span><br style=\"color: #222222;\" \/><br style=\"color: #222222;\" \/><span style=\"color: #222222;\">Mit freundlichen Gr\u00fc\u00dfen<\/span><br style=\"color: #222222;\" \/><br style=\"color: #222222;\" \/><span style=\"color: #222222;\">Mathias Gille<\/span><br style=\"color: #222222;\" \/><br style=\"color: #222222;\" \/><span style=\"color: #222222;\">Senatsverwaltung f\u00fcr Arbeit, Integration und Frauen<\/span><br style=\"color: #222222;\" \/><span style=\"color: #222222;\">Pressesprecher<\/span><\/p>\n<p>(Mail vom 22. August 2014)<\/p>\n","protected":false},"excerpt":{"rendered":"<p>Sehr geehrter Herr Kram,Anbei die Antworten auf\u00a0ihre\u00a0Fragen:1.) In welcher Weise hat die Senatsverwaltung Einfluss auf den Inhalt des Plakates genommen?Die Senatsverwaltung hat insofern Einfluss auf die Ausgestaltung der Kampagne, indem sie \u00fcberpr\u00fcft, dass die vorgestellten Plakate einen Berlinbezug aufweisen und in ihrer Aussage die heterosexuelle Mehrheitsgesellschaft ansprechen.2.) Wie und in welchem Ausma\u00df wird das &#8222;B\u00fcndnis &#8230; <a title=\"Antwort der Senatsverwaltung f\u00fcr Arbeit, Integration und Frauen auf die Fragen des Nollendorfblogs zur Fussball-Kampagne\" class=\"read-more\" href=\"https:\/\/www.nollendorfblog.de\/?page_id=4115\" aria-label=\"Mehr Informationen \u00fcber Antwort der Senatsverwaltung f\u00fcr Arbeit, Integration und Frauen auf die Fragen des Nollendorfblogs zur Fussball-Kampagne\">Weiterlesen<\/a><\/p>\n","protected":false},"author":1,"featured_media":0,"parent":0,"menu_order":0,"comment_status":"open","ping_status":"open","template":"","meta":{"footnotes":""},"class_list":["post-4115","page","type-page","status-publish"],"_links":{"self":[{"href":"https:\/\/www.nollendorfblog.de\/index.php?rest_route=\/wp\/v2\/pages\/4115","targetHints":{"allow":["GET"]}}],"collection":[{"href":"https:\/\/www.nollendorfblog.de\/index.php?rest_route=\/wp\/v2\/pages"}],"about":[{"href":"https:\/\/www.nollendorfblog.de\/index.php?rest_route=\/wp\/v2\/types\/page"}],"author":[{"embeddable":true,"href":"https:\/\/www.nollendorfblog.de\/index.php?rest_route=\/wp\/v2\/users\/1"}],"replies":[{"embeddable":true,"href":"https:\/\/www.nollendorfblog.de\/index.php?rest_route=%2Fwp%2Fv2%2Fcomments&post=4115"}],"version-history":[{"count":2,"href":"https:\/\/www.nollendorfblog.de\/index.php?rest_route=\/wp\/v2\/pages\/4115\/revisions"}],"predecessor-version":[{"id":4117,"href":"https:\/\/www.nollendorfblog.de\/index.php?rest_route=\/wp\/v2\/pages\/4115\/revisions\/4117"}],"wp:attachment":[{"href":"https:\/\/www.nollendorfblog.de\/index.php?rest_route=%2Fwp%2Fv2%2Fmedia&parent=4115"}],"curies":[{"name":"wp","href":"https:\/\/api.w.org\/{rel}","templated":true}]}}